{"id":9,"date":"2024-05-29T10:07:17","date_gmt":"2024-05-29T10:07:17","guid":{"rendered":"https:\/\/mermaid-ai.it\/?page_id=9"},"modified":"2024-06-12T09:16:20","modified_gmt":"2024-06-12T09:16:20","slug":"about","status":"publish","type":"page","link":"https:\/\/mermaid-ai.it\/?page_id=9","title":{"rendered":"La Soluzione"},"content":{"rendered":"\n<h2 class=\"wp-block-heading\"><strong>La teleassistenza per le emergenze mediche in mare<\/strong><\/h2>\n\n\n\n<p><strong>Mermaid-AI<\/strong> \u00e8 allo stesso tempo una soluzione tecnologica e un nuovo standard di processo. Render\u00e0 possibile fornire a tutti un\u2019assistenza medica da remoto pi\u00f9 efficace ed efficiente, migliorando la sicurezza fisica delle persone e la qualit\u00e0 dei servizi a bordo.<\/p>\n\n\n\n<h2 class=\"wp-block-heading\">Il medico sale <strong>virtualmente a bordo, in tempo reale<\/strong><\/h2>\n\n\n\n<figure class=\"wp-block-image alignleft size-full is-resized\"><img loading=\"lazy\" decoding=\"async\" width=\"2816\" height=\"1600\" src=\"https:\/\/mermaid-ai.it\/wp-content\/uploads\/2024\/06\/inbarca-1.png\" alt=\"\" class=\"wp-image-289\" style=\"width:404px;height:auto\" srcset=\"https:\/\/mermaid-ai.it\/wp-content\/uploads\/2024\/06\/inbarca-1.png 2816w, https:\/\/mermaid-ai.it\/wp-content\/uploads\/2024\/06\/inbarca-1-300x170.png 300w, https:\/\/mermaid-ai.it\/wp-content\/uploads\/2024\/06\/inbarca-1-1024x582.png 1024w, https:\/\/mermaid-ai.it\/wp-content\/uploads\/2024\/06\/inbarca-1-2000x1136.png 2000w\" sizes=\"(max-width: 2816px) 100vw, 2816px\" \/><\/figure>\n\n\n\n<p>Navigare per diporto \u00e8 un modo decisamente piacevole di trascorrere il tempo. Ma, come tutte le attivit\u00e0 e gli ambienti fisici, presenta anche dei rischi per l\u2019incolumit\u00e0 e la salute di equipaggio e passeggeri. <strong><em><\/em><\/strong><\/p>\n\n\n\n<p>Una caduta accidentale, un\u2019intossicazione alimentare, un colpo di calore sono solo esempi di possibili infortuni a bordo. Il Pronto Soccorso \u00e8 lontano e la situazione richiede un intervento immediato: che fare?<\/p>\n\n\n\n<p><strong>Mermaid-AI<\/strong> \u00e8 la piattaforma di teleassistenza sanitaria pensata specificamente per il primo soccorso in mare: una soluzione che consente una valutazione immediata della gravit\u00e0 del caso e mette in collegamento il personale sanitario a terra con le persone a bordo, fornendo strumenti di diagnosi e cura basati su Intelligenza Artificiale e Realt\u00e0 Aumentata.<\/p>\n\n\n\n<p>Si tratta una piattaforma che contempla diversi livelli di supporto modularmente integrabili, che includono:<\/p>\n\n\n\n<ul>\n<li>un sistema di <strong>e-triage<\/strong> e <strong>self care<\/strong> conforme agli standard internazionali riconosciuti e abilitato da algoritmi di <strong>Intelligenza Artificiale<\/strong>, con la possibilit\u00e0 di consultare i manuali e interagire con essi usando il linguaggio naturale. La guida multimediale \u00e8 utilizzabile anche per la formazione del personale in ottica di prevenzione;<\/li>\n\n\n\n<li><strong>kit di sensori<\/strong> e dispositivi medicali portatili per monitorare i parametri vitali dell&#8217;assistito, interpretare i sintomi e sorvegliare a distanza le condizioni;<\/li>\n\n\n\n<li>supporto di un <strong>visore dotato di dispositivo AR<\/strong>: l&#8217;operatore a bordo lo indossa e consente cos\u00ec al personale sanitario a terra di intervenire in telepresenza;<\/li>\n\n\n\n<li>la possibilit\u00e0 di attivare un <strong>teleconsulto satellitare<\/strong> specialistico multilingue in convenzione con strutture sanitarie selezionate, che possano garantire livelli di specializzazione scalabili on demand in base alle caratteristiche del caso, fino all&#8217;eventuale ricovero a terra.<\/li>\n<\/ul>\n\n\n\n<p>In pratica, la soluzione prevede un <strong>collegamento satellitare audio-video-dati <\/strong>tra imbarcazione e stazione terrestre, che pu\u00f2 eventualmente attivare i servizi convenzionati di assistenza da parte di personale sanitario specialistico a terra. A bordo, l\u2019operatore \u00e8 supportato da <strong>strumenti<\/strong> e<strong> sensori <\/strong>in grado di rilevare e trasmettere i parametri vitali dell&#8217;assistito e informazioni di contesto. Inoltre, \u00e8 guidato da un percorso strutturato secondo linee guida internazionali, manuali e algoritmi AI nella valutazione della gravit\u00e0 della situazione. Tramite un visore abilitato alla Realt\u00e0 Aumentata, l&#8217;esperto da remoto pu\u00f2 intervenire in fonia, vedendo ci\u00f2 che vede l&#8217;operatore in loco, il quale al contempo ha le mani libere per eseguire le indicazioni dello specialista. Una <strong>dashboard<\/strong> fornisce strumenti di data analytics sui dati clinici personali, aggregati e anonimizzati per analisi storiche, benchmark e valutazioni procedurali.<\/p>\n\n\n\n<h2 class=\"wp-block-heading\"><strong>Efficacia ed efficienza: tutti i vantaggi della telemedicina<\/strong><\/h2>\n\n\n\n<p>L\u2019efficacia di un intervento tempestivo e qualificato, con strumenti che trasportano virtualmente il personale sanitario a bordo, si affianca all\u2019efficienza di una soluzione che consente di minimizzare gli spostamenti senza compromettere le opportunit\u00e0 di risoluzione dell\u2019emergenza.&nbsp;<\/p>\n\n\n\n<p><strong>Mermaid-AI<\/strong> affiancher\u00e0 infatti la rete di soccorso GMDSS &#8211; SAR\/MRCC (Global Maritime Distress and Safety System &#8211; Search and Rescue\/Maritime Rescue Coordination Center), offrendo diversi vantaggi funzionali e di costo. Se le navi militari e le grandi navi da crociera hanno solitamente il servizio sanitario a bordo, la rete attuale \u00e8 storicamente dedicata alle navi mercantili in mare aperto. Mermaid-AI \u00e8 invece pensata in particolare per i <strong>diportisti<\/strong>, che ad oggi accedono ai soccorsi tipicamente tramite la Guardia Costiera.<\/p>\n\n\n\n<figure class=\"wp-block-image alignright size-full is-resized\"><img loading=\"lazy\" decoding=\"async\" width=\"520\" height=\"520\" src=\"https:\/\/mermaid-ai.it\/wp-content\/uploads\/2024\/06\/IMMAGINE-2-AI-MERMAID.jpg\" alt=\"\" class=\"wp-image-258\" style=\"width:336px\" srcset=\"https:\/\/mermaid-ai.it\/wp-content\/uploads\/2024\/06\/IMMAGINE-2-AI-MERMAID.jpg 520w, https:\/\/mermaid-ai.it\/wp-content\/uploads\/2024\/06\/IMMAGINE-2-AI-MERMAID-300x300.jpg 300w, https:\/\/mermaid-ai.it\/wp-content\/uploads\/2024\/06\/IMMAGINE-2-AI-MERMAID-150x150.jpg 150w\" sizes=\"(max-width: 520px) 100vw, 520px\" \/><\/figure>\n\n\n\n<p><\/p>\n\n\n\n<p class=\"has-primary-color has-text-color has-link-color wp-elements-2d66587eb66a8ef6f278d12ba175b6fc\">In Italia sono registrate oltre<strong> 81mila <\/strong>unit\u00e0 da diporto, di cui ben<strong> 17mila <\/strong>presso gli Uffici Marittimi della sola Liguria, il dato regionale di gran lunga pi\u00f9 alto del Paese. In termini di dimensioni, la maggior parte delle unit\u00e0 sono<strong> imbarcazioni tra i 10 e i 24 metri<\/strong>. Nel 2022 (anno ancora anomalo per il traffico marittimo da diporto a causa degli effetti della pandemia da COVID-19) si sono registrati 176 incidenti, con conseguenze per le persone in circa met\u00e0 dei casi<sup>1<\/sup>. Mermaid-AI naturalmente \u00e8 utile anche nei casi di malore o infortunio non correlati a incidenti per l&#8217;imbarcazione.<\/p>\n\n\n\n<p>In mare le persone sono spesso dei lavoratori, anche sulle imbarcazioni da diporto. Nel complesso dei paesi UE con aggiunta di Norvegia e Islanda, i marittimi con Certificato di Competenza sono quasi <strong>300mila<\/strong>, di cui oltre <strong>14mila<\/strong> in Italia<sup>2<\/sup>. Mermaid-AI Consente interventi qualificati in tempo reale, con la possibilit\u00e0 di valutare la gravit\u00e0 del caso a bordo, anche in osservanza delle raccomandazioni per la salvaguardia della salute dei lavoratori del mare dettate da <strong>IMO\/ILO <\/strong>(International Maritime Organization \/ International Labour Organization). <\/p>\n\n\n\n<p>Inoltre, la soluzione abilita efficienze di costo per l\u2019armatore. Nel mondo, le diversioni di rotta e le evacuazioni tramite elicottero o altra imbarcazione per ragioni sanitarie incidono per circa <strong>760 milioni all\u2019anno<\/strong>. Si calcola che il <strong>25% degli interventi sarebbe evitabile<\/strong> con una soluzione di telemedicina in grado di diagnosticare e suggerire azioni tempestive eseguibili a bordo e di monitorare l\u2019evolvere della situazione in sicurezza.<\/p>\n\n\n\n<p><\/p>\n\n\n\n<hr class=\"wp-block-separator has-alpha-channel-opacity\"\/>\n\n\n\n<p><strong>Mermaid-AI<\/strong> \u00e8 una soluzione d\u2019avanguardia che va incontro ai grandi obiettivi della sanit\u00e0 digitale: <\/p>\n\n\n\n<ul>\n<li>intervenire su patologie ed emergenze in modo sempre pi\u00f9 <strong>veloce e mirato<\/strong>,<\/li>\n\n\n\n<li><strong>risparmiare risorse<\/strong>,<\/li>\n\n\n\n<li>trasformare le informazioni in conoscenza e ricavare valore dai <strong>big data<\/strong>,<\/li>\n\n\n\n<li>utilizzare l\u2019<strong>Intelligenza Artificiale<\/strong> in modo consapevole e qualificato,<\/li>\n\n\n\n<li><strong>proteggere i dati personali<\/strong> in modo rigoroso.<\/li>\n<\/ul>\n\n\n\n<hr class=\"wp-block-separator has-alpha-channel-opacity\"\/>\n\n\n\n<p><sup>1<\/sup><em> <\/em>Fonte: <a href=\"https:\/\/www.mit.gov.it\/node\/18857\" target=\"_blank\" rel=\"noopener\" title=\"\"><em>Il diporto nautico in Italia (anno 2022)<\/em>, Ministero delle Infrastrutture e dei Trasporti<\/a><\/p>\n\n\n\n<p><sup>2 <\/sup>Fonte: <a href=\"https:\/\/www.emsa.europa.eu\/newsroom\/latest-news\/item\/5218-seafarer-statistics-in-the-eu-statistical-review-2022-data-stcw-is.html\" target=\"_blank\" rel=\"noopener\" title=\"\"><em>Seafarers&#8217; Statistics in the EU<\/em>, EMSA, Maggio 2024 (dati 2022)<\/a><\/p>\n\n\n\n<div style=\"height:var(--wp--preset--spacing--medium)\" aria-hidden=\"true\" class=\"wp-block-spacer\"><\/div>\n\n\n\n<div class=\"wp-block-columns is-layout-flex wp-container-core-columns-is-layout-1 wp-block-columns-is-layout-flex\">\n<div class=\"wp-block-column is-layout-flow wp-block-column-is-layout-flow\">\n<div class=\"wp-block-media-text is-stacked-on-mobile\"><figure class=\"wp-block-media-text__media\"><\/figure><div class=\"wp-block-media-text__content\">\n<p><\/p>\n<\/div><\/div>\n<\/div>\n\n\n\n<div class=\"wp-block-column is-layout-flow wp-block-column-is-layout-flow\"><\/div>\n<\/div>\n","protected":false},"excerpt":{"rendered":"<p>La teleassistenza per le emergenze mediche in mare Mermaid-AI \u00e8 allo stesso tempo una soluzione tecnologica e un nuovo standard di processo. Render\u00e0 possibile fornire a tutti un\u2019assistenza medica da remoto pi\u00f9 efficace ed efficiente, migliorando la sicurezza fisica delle persone e la qualit\u00e0 dei servizi a bordo. Il medico sale virtualmente a bordo, in &hellip; <\/p>\n<p class=\"link-more\"><a href=\"https:\/\/mermaid-ai.it\/?page_id=9\" class=\"more-link\">Leggi tutto<span class=\"screen-reader-text\"> &#8220;La Soluzione&#8221;<\/span><\/a><\/p>\n","protected":false},"author":1,"featured_media":172,"parent":0,"menu_order":0,"comment_status":"closed","ping_status":"closed","template":"","meta":{"_monsterinsights_skip_tracking":false,"_monsterinsights_sitenote_active":false,"_monsterinsights_sitenote_note":"","_monsterinsights_sitenote_category":0,"_uf_show_specific_survey":0,"_uf_disable_surveys":false,"footnotes":""},"aioseo_notices":[],"_links":{"self":[{"href":"https:\/\/mermaid-ai.it\/index.php?rest_route=\/wp\/v2\/pages\/9"}],"collection":[{"href":"https:\/\/mermaid-ai.it\/index.php?rest_route=\/wp\/v2\/pages"}],"about":[{"href":"https:\/\/mermaid-ai.it\/index.php?rest_route=\/wp\/v2\/types\/page"}],"author":[{"embeddable":true,"href":"https:\/\/mermaid-ai.it\/index.php?rest_route=\/wp\/v2\/users\/1"}],"replies":[{"embeddable":true,"href":"https:\/\/mermaid-ai.it\/index.php?rest_route=%2Fwp%2Fv2%2Fcomments&post=9"}],"version-history":[{"count":60,"href":"https:\/\/mermaid-ai.it\/index.php?rest_route=\/wp\/v2\/pages\/9\/revisions"}],"predecessor-version":[{"id":447,"href":"https:\/\/mermaid-ai.it\/index.php?rest_route=\/wp\/v2\/pages\/9\/revisions\/447"}],"wp:featuredmedia":[{"embeddable":true,"href":"https:\/\/mermaid-ai.it\/index.php?rest_route=\/wp\/v2\/media\/172"}],"wp:attachment":[{"href":"https:\/\/mermaid-ai.it\/index.php?rest_route=%2Fwp%2Fv2%2Fmedia&parent=9"}],"curies":[{"name":"wp","href":"https:\/\/api.w.org\/{rel}","templated":true}]}}