{"id":3,"date":"2024-05-28T11:10:19","date_gmt":"2024-05-28T11:10:19","guid":{"rendered":"https:\/\/mermaid-ai.it\/?page_id=3"},"modified":"2024-06-11T08:49:39","modified_gmt":"2024-06-11T08:49:39","slug":"privacy-policy","status":"publish","type":"page","link":"https:\/\/mermaid-ai.it\/?page_id=3","title":{"rendered":"Privacy Policy"},"content":{"rendered":"\n<h2 class=\"wp-block-heading\"><strong>Informativa sul trattamento dei dati personali sito web Mermaid-AI<\/strong><\/h2>\n\n\n\n<p>La presente informativa \u00e8 resa in conformit\u00e0 al Regolamento (UE) n. 2016\/679 (\u201c<em>GDPR<\/em>\u201d) ed alle norme attualmente vigenti del D.Lgs. 196\/2003 (c.d. <em>Codice Privacy<\/em>), al fine di rendere edotto l\u2019Utente del sito web (in seguito il \u201c<em>Sito<\/em>\u201d o \u201c<em>Sito Web<\/em>\u201d) dei trattamenti di dati personali che vengono effettuati nel corso della navigazione.<\/p>\n\n\n\n<p>Il Titolare del trattamento dei dati \u00e8 Netalia S.r.l., con sede legale a Genova (GE), Piazza della Vittoria, n. 11A\/8, Cap. 16121 (di seguito identificata come \u201c<em>Netalia<\/em>\u201d o \u201c<em>Titolare<\/em>\u201d), la quale ha nominato un DPO, Data Protection Officer, che pu\u00f2 essere contattato all\u2019indirizzo e-mail: dpo@netalia.it.<\/p>\n\n\n\n<p><strong>Tipologia di Dati Raccolti.<\/strong><\/p>\n\n\n\n<p>All\u2019interno del Sito Web \u00e8 inserita un\u2019area nella quale sono presenti gli indirizzi e-mail di contatto, tramite i quali si permette all\u2019Utente di formulare specifiche richieste; le tipologie di dati trattati sono le seguenti: indirizzo email e, se forniti, nome, cognome e numero di telefono.<\/p>\n\n\n\n<p>Si richiede agli Utenti di non inserire nell\u2019invio dell\u2019e-mail di contatto informazioni dalle quali, anche indirettamente, si possa avere conoscenza di dati appartenenti a categorie particolari di cui all\u2019articolo 9 del GDPR.<\/p>\n\n\n\n<p>Agli Utenti che lo desiderino, inoltre, \u00e8 concessa la possibilit\u00e0 di lasciare commenti relativamente ai post presenti sul Sito Web, previo conferimento dei dati tramite apposito form.<\/p>\n\n\n\n<p>I dati personali conferiti sono utilizzati al fine di consentire l\u2019inserimento dei commenti ed associare quanto postato al suo autore. Il nome scelto unitamente al commento verranno pubblicati sul Sito Web; pertanto, qualora l\u2019Utente desideri mantenere l\u2019anonimato, \u00e8 possibile utilizzare un nickname.<\/p>\n\n\n\n<p><strong>Finalit\u00e0 del trattamento dei dati.<\/strong><\/p>\n\n\n\n<p>La finalit\u00e0 del trattamento \u00e8 quella di dare riscontro alle richieste di contatto inoltrate dagli Utenti del Sito Web e di concedere a quest\u2019ultimi la facolt\u00e0 di essere attivi sul blog tramite l\u2019inserimento dei commenti.<\/p>\n\n\n\n<p>Tali dati sono trattati con strumenti informatici (ivi compresi dispositivi portatili) in misura strettamente necessaria e proporzionata per garantire la sicurezza delle reti e delle informazioni che vi transitano e nel rispetto degli obblighi di riservatezza a cui \u00e8 tenuto il Titolare, nonch\u00e9 adottando misure di sicurezza tecnico-organizzative adeguate alla tipologia di dati trattati.<\/p>\n\n\n\n<p><strong>Base giuridica del trattamento.<\/strong><\/p>\n\n\n\n<p>Le basi giuridiche sono il legittimo interesse del Titolare del trattamento al mantenimento in sicurezza del Sito e che lo stesso non sia utilizzato secondo modalit\u00e0 lesive di diritti altrui, l\u2019esecuzione di misure precontrattuali e contrattuali relative al PNNR ed al progetto Mermaid-AI ed il legittimo interesse, consistente nel rendere noto al pubblico il nominativo dell\u2019autore del commento.<\/p>\n\n\n\n<p><strong>Conservazione dei dati.<\/strong><\/p>\n\n\n\n<p>Il Titolare conserva i dati personali per tutto il tempo necessario a dare riscontro alle richieste formulate dagli Utenti. I dati personali sono conservati fino a 12 mesi dalla raccolta, salvo l\u2019esercizio dei diritti di difesa del Titolare, il quale potr\u00e0 conservare i dati per un periodo maggiore.<\/p>\n\n\n\n<p>Il conferimento dei dati \u00e8 facoltativo; l\u2019eventuale rifiuto comporta l\u2019impossibilit\u00e0 di usufruire del servizio di commenti offerto sul Sito Web, nonch\u00e9 l\u2019impossibilit\u00e0 di formulare specifiche richieste tramite gli indirizzi e-mail di contatto.<\/p>\n\n\n\n<p>I dati sono conservati unitamente al commento pubblicato, salvo eventuali richieste di cancellazione che dovranno essere inviate all\u2019indirizzo e-mail: <a href=\"mailto:dpo@netalia.it\">dpo@netalia.it<\/a>, a fronte delle quali si proceder\u00e0 alla loro eliminazione e comunque secondo i termini di legge.<\/p>\n\n\n\n<p><strong>Comunicazione e Diffusione dei dati.<\/strong><\/p>\n\n\n\n<p>Il Titolare pu\u00f2 trasferire i dati personali dell\u2019Utente a soggetti terzi, quali Titolari autonomi del trattamento o Responsabili del trattamento ai sensi dell\u2019art. 28 GDPR, per svolgere operazioni necessarie a dare riscontro alle richieste di contatto formulate dagli Utenti, e pi\u00f9 nello specifico a Innonation, Porto Antico di Genova, Posdata e Teseo, che compongono la partnership che ha dato vita a Mermaid-AI, facente parte del progetto Raise (Robotics and AI for Socio-economic Empowerment) realizzato nell\u2019ambito del Piano Nazionale di Ripresa e Resilienza, Missione 4 finanziata dall\u2019Unione Europea \u2013 NextGenerationEU.<\/p>\n\n\n\n<p>In tali casi la comunicazione dei dati \u00e8 indispensabile per soddisfare gli impegni contrattuali fra le parti, nonch\u00e9 quanto disposto dal Raise e dal PNRR.<\/p>\n\n\n\n<p>Netalia si impegna tramite accordi per il trattamento dei dati affinch\u00e9 i Responsabili e\/o i Titolari autonomi gestiscano i dati in modo adeguato e sicuro. L\u2019Utente pu\u00f2 richiedere l\u2019elenco dei Responsabili e\/o dei Titolari autonomi usando l\u2019indirizzo e-mail: dpo@netalia.it.<\/p>\n\n\n\n<p><strong>Trasferimento dei dati personali all\u2019estero.<\/strong><\/p>\n\n\n\n<p>Il Sito \u00e8 ospitato su un server collocato in Italia, dunque non vi \u00e8 alcun trasferimento di dati personali all\u2019estero.<\/p>\n\n\n\n<p><strong>Diritti dell\u2019interessato.<\/strong><\/p>\n\n\n\n<p>L\u2019Utente che naviga sul Sito Web ha diritto a:<\/p>\n\n\n\n<p>&#8211; accedere ai propri dati personali in possesso del Titolare;<\/p>\n\n\n\n<p>&#8211; chiederne la rettifica e\/o la cancellazione (oblio);<\/p>\n\n\n\n<p>&#8211; chiederne la limitazione o opporsi al trattamento;<\/p>\n\n\n\n<p>&#8211; richiedere la portabilit\u00e0 dei dati;<\/p>\n\n\n\n<p>&#8211; proporre reclamo all\u2019Autorit\u00e0 di Controllo competente (Autorit\u00e0 Garante per la protezione dei dati personali).<\/p>\n\n\n\n<p>Le richieste per l\u2019esercizio dei diritti sopra indicati devono essere rivolte all\u2019indirizzo e-mail: dpo@netalia.it.<\/p>\n\n\n\n<h2 class=\"wp-block-heading\"><strong><strong>Cookie policy<\/strong><\/strong><\/h2>\n\n\n\n<p><strong>Cosa sono e a cosa servono i \u201ccookie\u201d?<\/strong><\/p>\n\n\n\n<p>I cookie sono informazioni (piccole stringhe di testo) immesse nel browser (ad es. Firefox, Chrome, Safari, ecc.) dell\u2019Utente quando viene visitato il Sito Web. Svolgono diverse e importanti funzioni nell\u2019ambito della rete (esecuzione di autenticazioni informatiche, monitoraggio di sessioni, memorizzazione di informazioni su specifiche configurazioni riguardanti gli utenti che accedono al server, memorizzazione delle preferenze, ecc.). Nel corso della navigazione l\u2019Utente potrebbe ricevere sul suo terminale anche cookie di siti diversi (c.d. cookies di \u201cterze parti\u201d), impostati direttamente da gestori di detti siti web e utilizzati per le finalit\u00e0 e secondo le modalit\u00e0 da questi definiti.<\/p>\n\n\n\n<p><strong>Tipologia ed elenco di cookie utilizzati dal presente Sito.<\/strong><\/p>\n\n\n\n<p>Esistono diversi tipi di cookie che contengono informazioni differenti e svolgono funzioni diverse:<\/p>\n\n\n\n<p>I Cookie strettamente necessari sono indispensabili per il corretto funzionamento di Sito Web, senza il ricorso a tali cookie, alcune operazioni non potrebbero essere compiute o sarebbero pi\u00f9 complesse e\/o meno sicure. Pertanto, tali cookie sono indispensabili e non sono soggetti al consenso dell\u2019Utente.<\/p>\n\n\n\n<p>I Cookie analitici e tecnici sono da noi utilizzati in modo anonimo, per raccogliere e analizzare il traffico e l\u2019utilizzo del nostro Sito Web. Questi cookie, pur senza identificare l\u2019Utente, consentono di monitorare il sistema e migliorarne prestazioni e l\u2019utilizzabilit\u00e0. La loro disattivazione pu\u00f2 essere eseguita senza alcuna perdita di funzionalit\u00e0.<\/p>\n\n\n\n<p>Attraverso questi eventuali cookie installati, \u00e8 possibile monitorare la navigazione sul nostro Sito, al fine di apportare miglioramenti basati sull\u2019analisi di questi dati. Un esempio sono quelli ottenuti con il servizio di Google Analytics, il quale fornisce gli strumenti necessari per aiutarci a facilitare la navigazione del nostro Sito. Tuttavia Google ha messo a punto un componente aggiuntivo per la disattivazione di Google Analytics per i browser pi\u00f9 comuni: Microsoft Internet Explorer, Google Chrome, Mozilla Firefox, Apple Safari e Opera.<\/p>\n\n\n\n<p>Fermo restando quanto sopra indicato in ordine ai cookie strettamente necessari alla navigazione, l\u2019Utente pu\u00f2 eliminare in generale i cookie direttamente tramite il proprio browser. Ciascun browser presenta procedure diverse per la gestione delle impostazioni.<\/p>\n\n\n\n<p><strong>Modalit\u00e0 del trattamento.<\/strong><\/p>\n\n\n\n<p>Il trattamento \u00e8 effettuato con strumenti automatizzati da Netalia. In relazione ai cookie tecnici e strettamente necessari non viene effettuata alcuna diffusione o comunicazione.<\/p>\n\n\n\n<p><strong>Conferimento dei dati e consenso.<\/strong><\/p>\n\n\n\n<p>I cookie strettamente necessari non richiedono il consenso dell\u2019Utente, in quanto sono necessari per il corretto funzionamento del Sito Web.<\/p>\n\n\n\n<p>I cookie analitici e tecnici devono essere attivati dall\u2019Utente.<\/p>\n\n\n\n<p><strong>Durata dei cookie.<\/strong><\/p>\n\n\n\n<p>Alcuni cookie (cookie di sessione) restano attivi solo fino alla chiusura del browser o all\u2019esecuzione del comando di logout. Altri cookie \u201csopravvivono\u201d alla chiusura del browser e sono disponibili anche in successive visite dell\u2019Utente. Questi cookie sono detti persistenti e la loro durata \u00e8 fissata dal server al momento della loro creazione. In alcuni casi \u00e8 fissata una scadenza, in altri casi la durata \u00e8 sino a due anni.<\/p>\n\n\n\n<p><strong>Google Analytics.<\/strong><\/p>\n\n\n\n<p>In questo Sito utilizziamo Google Analytics, un servizio di analisi del traffico web fornito da Google, Inc. \u201cGoogle\u201d. In questo caso si tratta di cookie analitici raccolti e gestiti in modo anonimo per monitorare e migliorare le prestazioni del sito ospite \u201cperformance cookie\u201d.<\/p>\n\n\n\n<p>Google Analytics utilizza i \u201ccookie\u201d per raccogliere ed analizzare in forma anonima le informazioni sui comportamenti di utilizzo di questo Sito Web. Tali informazioni vengono raccolte da Google Analytics, che le elabora allo scopo di redigere report riguardanti le attivit\u00e0 sul Sito stesso. Google pu\u00f2 anche comunicare queste informazioni a terzi ove ci\u00f2 sia imposto dalla legge o laddove tali terzi trattino le suddette informazioni per conto di Google. Per ulteriori informazioni si rinvia ai link <a href=\"https:\/\/www.google.it\/policies\/privacy\/partners\" target=\"_blank\" rel=\"noreferrer noopener\">Google Privacy e termini<\/a> e <a href=\"https:\/\/support.google.com\/analytics\/answer\/6004245?hl=ita\" target=\"_blank\" rel=\"noopener\" title=\"\">Guida di Analytics Salvaguardia dei dati<\/a>.<\/p>\n\n\n\n<p>L\u2019Utente pu\u00f2 disabilitare in modo selettivo l\u2019azione di Google Analytics installando sul proprio browser la componente di opt-out fornita da Google. Per disabilitare l\u2019azione di Google Analytics, si rinvia al link <a href=\"https:\/\/tools.google.com\/dlpage\/gaoptout\" target=\"_blank\" rel=\"noreferrer noopener\">Componente aggiuntivo del browser per la disattivazione di Google Analytics<\/a>.<\/p>\n\n\n\n<p>Ogni browser ha specifiche istruzioni di configurazione.<\/p>\n\n\n\n<p>Questa informativa \u00e8 aggiornata a giugno 2024. Il Titolare invita gli Utenti a prendere visione regolarmente della presente pagina, in modo da essere aggiornati in relazione ad eventuali modifiche future apportate alla presente informativa.<\/p>\n\n\n\n<div style=\"height:var(--wp--preset--spacing--small)\" aria-hidden=\"true\" class=\"wp-block-spacer\"><\/div>\n","protected":false},"excerpt":{"rendered":"<p>Informativa sul trattamento dei dati personali sito web Mermaid-AI La presente informativa \u00e8 resa in conformit\u00e0 al Regolamento (UE) n. 2016\/679 (\u201cGDPR\u201d) ed alle norme attualmente vigenti del D.Lgs. 196\/2003 (c.d. Codice Privacy), al fine di rendere edotto l\u2019Utente del sito web (in seguito il \u201cSito\u201d o \u201cSito Web\u201d) dei trattamenti di dati personali che &hellip; <\/p>\n<p class=\"link-more\"><a href=\"https:\/\/mermaid-ai.it\/?page_id=3\" class=\"more-link\">Leggi tutto<span class=\"screen-reader-text\"> &#8220;Privacy Policy&#8221;<\/span><\/a><\/p>\n","protected":false},"author":1,"featured_media":0,"parent":0,"menu_order":0,"comment_status":"closed","ping_status":"open","template":"","meta":{"_monsterinsights_skip_tracking":false,"_monsterinsights_sitenote_active":false,"_monsterinsights_sitenote_note":"","_monsterinsights_sitenote_category":0,"_uf_show_specific_survey":0,"_uf_disable_surveys":false,"footnotes":""},"aioseo_notices":[],"_links":{"self":[{"href":"https:\/\/mermaid-ai.it\/index.php?rest_route=\/wp\/v2\/pages\/3"}],"collection":[{"href":"https:\/\/mermaid-ai.it\/index.php?rest_route=\/wp\/v2\/pages"}],"about":[{"href":"https:\/\/mermaid-ai.it\/index.php?rest_route=\/wp\/v2\/types\/page"}],"author":[{"embeddable":true,"href":"https:\/\/mermaid-ai.it\/index.php?rest_route=\/wp\/v2\/users\/1"}],"replies":[{"embeddable":true,"href":"https:\/\/mermaid-ai.it\/index.php?rest_route=%2Fwp%2Fv2%2Fcomments&post=3"}],"version-history":[{"count":4,"href":"https:\/\/mermaid-ai.it\/index.php?rest_route=\/wp\/v2\/pages\/3\/revisions"}],"predecessor-version":[{"id":410,"href":"https:\/\/mermaid-ai.it\/index.php?rest_route=\/wp\/v2\/pages\/3\/revisions\/410"}],"wp:attachment":[{"href":"https:\/\/mermaid-ai.it\/index.php?rest_route=%2Fwp%2Fv2%2Fmedia&parent=3"}],"curies":[{"name":"wp","href":"https:\/\/api.w.org\/{rel}","templated":true}]}}