{"id":10,"date":"2024-05-29T10:07:17","date_gmt":"2024-05-29T10:07:17","guid":{"rendered":"https:\/\/mermaid-ai.it\/?page_id=10"},"modified":"2024-06-12T08:39:19","modified_gmt":"2024-06-12T08:39:19","slug":"contact-2","status":"publish","type":"page","link":"https:\/\/mermaid-ai.it\/?page_id=10","title":{"rendered":"I Partner"},"content":{"rendered":"\n<h2 class=\"wp-block-heading\">Protagonisti della trasformazione digitale<\/h2>\n\n\n\n<p><strong>Mermaid-AI<\/strong> \u00e8 il frutto della collaborazione tra <strong>cinque aziende italiane<\/strong>, ognuna specializzata su competenze settoriali e funzionali necessarie allo sviluppo della soluzione. I comparti <strong>marittimo<\/strong>, <strong>sanitario<\/strong> e <strong>digitale<\/strong> nelle sue varie declinazioni, dal cloud alla system integration allo sviluppo applicativo in ambito AI, sono rappresentati dalle capacit\u00e0 di <strong>Innonation<\/strong>, <strong>Netalia <\/strong>(capofila di progetto), <strong>Porto Antico di Genova<\/strong>, <strong>Posdata <\/strong>e <strong>Teseo<\/strong>.<\/p>\n\n\n\n<hr class=\"wp-block-separator has-text-color has-tertiary-color has-alpha-channel-opacity has-tertiary-background-color has-background is-style-wide\"\/>\n\n\n\n<div class=\"wp-block-media-text is-stacked-on-mobile\" style=\"grid-template-columns:15% auto\"><figure class=\"wp-block-media-text__media\"><a href=\"https:\/\/www.netalia.it\/\" target=\"_blank\" rel=\"noreferrer noopener\"><img loading=\"lazy\" decoding=\"async\" width=\"500\" height=\"100\" src=\"https:\/\/mermaid-ai.it\/wp-content\/uploads\/2024\/05\/Logo_Netalia.png\" alt=\"\" class=\"wp-image-131 size-full\" srcset=\"https:\/\/mermaid-ai.it\/wp-content\/uploads\/2024\/05\/Logo_Netalia.png 500w, https:\/\/mermaid-ai.it\/wp-content\/uploads\/2024\/05\/Logo_Netalia-300x60.png 300w\" sizes=\"(max-width: 500px) 100vw, 500px\" \/><\/a><\/figure><div class=\"wp-block-media-text__content\">\n<p><\/p>\n\n\n\n<p><strong>Netalia<\/strong> \u00e8 il Public Cloud italiano indipendente che dal 2010 offre competenze evolute e servizi dedicati alle esigenze della Pubblica Amministrazione e della media e grande impresa del Paese.<\/p>\n\n\n\n<p>Sicuro e certificato, qualificato QI3 e QC3 da ACN (Agenzia per la Cybersicurezza Nazionale) per trattare tutti i dati della PA, \u00e8 costruito sugli standard pi\u00f9 avanzati e assicura la residenza fisica, normativa e giuridica dei dati e delle applicazioni in Italia. Anche per questo, si rivolgono a Netalia con fiducia le aziende dei settori regolamentati, dalla sanit\u00e0 pubblica e privata all\u2019energia, dalla finanza ai media, dal mondo retail agli operatori dei trasporti e della logistica. Allo stesso tempo, Netalia collabora con System Integrator, ISV e Software House valorizzandone le competenze specifiche e supportandoli nell\u2019interpretazione e nella risposta ai bisogni di un mercato in costante evoluzione.<\/p>\n\n\n\n<p>Forte di un team di specialisti accomunati dalla passione per l\u2019innovazione e lo sviluppo digitale made in Italy, Netalia accompagna da protagonista la trasformazione digitale dell\u2019Italia, ponendosi al centro di un ecosistema virtuoso come piattaforma di aggregazione di capacit\u00e0 e servizi.<\/p>\n\n\n\n<p>Per Mermaid-AI sviluppa l\u2019infrastruttura di connessione nave-terra nelle diverse condizioni di esercizio, fornisce il repository cloud, assicura l\u2019integrazione e la sicurezza dei dati personali.<\/p>\n<\/div><\/div>\n\n\n\n<hr class=\"wp-block-separator has-text-color has-tertiary-color has-alpha-channel-opacity has-tertiary-background-color has-background is-style-wide\"\/>\n\n\n\n<div class=\"wp-block-media-text is-stacked-on-mobile\" style=\"grid-template-columns:15% auto\"><figure class=\"wp-block-media-text__media\"><a href=\"https:\/\/www.innonation.it\/\" target=\"_blank\" rel=\"noreferrer noopener\"><img loading=\"lazy\" decoding=\"async\" width=\"717\" height=\"188\" src=\"https:\/\/mermaid-ai.it\/wp-content\/uploads\/2024\/05\/Innonation-logo.png\" alt=\"\" class=\"wp-image-126 size-full\" srcset=\"https:\/\/mermaid-ai.it\/wp-content\/uploads\/2024\/05\/Innonation-logo.png 717w, https:\/\/mermaid-ai.it\/wp-content\/uploads\/2024\/05\/Innonation-logo-300x79.png 300w\" sizes=\"(max-width: 717px) 100vw, 717px\" \/><\/a><\/figure><div class=\"wp-block-media-text__content\">\n<p><\/p>\n\n\n\n<p><strong>Innonation <\/strong>\u00e8 una<strong> <\/strong>PMI innovativa che opera come front developer e System Integrator in progetti ICT innovativi per il settore privato e per la PA, e partecipa a numerosi progetti di ricerca industriale e di sviluppo sperimentale con Universit\u00e0 ed Enti di ricerca. L\u2019azienda \u00e8 dotata di sistemi di gestione quali UNI EN ISO 9001:2015, ISO\/IEC 27001:2013 E ISO\/IEC 20000-1:2018.<\/p>\n\n\n\n<p>Nel progetto sviluppa la tecnologia di raccolta dati a bordo, integra il kit di dispositivi medici con IoT ambientali e di navigazione, opera come System Integrator del progetto.<\/p>\n<\/div><\/div>\n\n\n\n<hr class=\"wp-block-separator has-text-color has-tertiary-color has-alpha-channel-opacity has-tertiary-background-color has-background is-style-wide\"\/>\n\n\n\n<div class=\"wp-block-media-text is-stacked-on-mobile\" style=\"grid-template-columns:15% auto\"><figure class=\"wp-block-media-text__media\"><a href=\"https:\/\/portoantico.it\/\" target=\"_blank\" rel=\"noreferrer noopener\"><img loading=\"lazy\" decoding=\"async\" width=\"544\" height=\"221\" src=\"https:\/\/mermaid-ai.it\/wp-content\/uploads\/2024\/05\/logo-pa.png\" alt=\"\" class=\"wp-image-125 size-full\" srcset=\"https:\/\/mermaid-ai.it\/wp-content\/uploads\/2024\/05\/logo-pa.png 544w, https:\/\/mermaid-ai.it\/wp-content\/uploads\/2024\/05\/logo-pa-300x122.png 300w\" sizes=\"(max-width: 544px) 100vw, 544px\" \/><\/a><\/figure><div class=\"wp-block-media-text__content\">\n<p><\/p>\n\n\n\n<p><strong>Porto Antico di Genova <\/strong>\u00e8 la societ\u00e0 pubblica che gestisce il waterfront di Genova. La societ\u00e0 ha in gestione diretta la Marina Fiera di Genova (dove viene ospitato il Salone Nautico Internazionale) con oltre 320 posti barca e ha in concessione anche gli spazi banchina nell\u2019area del Porto Antico, accosti, questi ultimi, in gestione ad un operatore privato cliente della societ\u00e0.<\/p>\n\n\n\n<p>Nel progetto lavora al modello della stazione di terra che provveder\u00e0 all\u2019assistenza da remoto e al dispatching verso l\u2019operatore sanitario, coordina la validazione dei risultati tramite raccolta di feedback dagli stakeholder pi\u00f9 rilevanti.<\/p>\n<\/div><\/div>\n\n\n\n<hr class=\"wp-block-separator has-text-color has-tertiary-color has-alpha-channel-opacity has-tertiary-background-color has-background is-style-wide\"\/>\n\n\n\n<div class=\"wp-block-media-text is-stacked-on-mobile\" style=\"grid-template-columns:15% auto\"><figure class=\"wp-block-media-text__media\"><a href=\"https:\/\/www.posdata.it\/\" target=\"_blank\" rel=\"noreferrer noopener\"><img loading=\"lazy\" decoding=\"async\" width=\"1024\" height=\"182\" src=\"https:\/\/mermaid-ai.it\/wp-content\/uploads\/2024\/05\/Logo-2000x355_Posdata-1024x182.png\" alt=\"\" class=\"wp-image-127 size-full\" srcset=\"https:\/\/mermaid-ai.it\/wp-content\/uploads\/2024\/05\/Logo-2000x355_Posdata-1024x182.png 1024w, https:\/\/mermaid-ai.it\/wp-content\/uploads\/2024\/05\/Logo-2000x355_Posdata-300x53.png 300w, https:\/\/mermaid-ai.it\/wp-content\/uploads\/2024\/05\/Logo-2000x355_Posdata.png 2000w\" sizes=\"(max-width: 1024px) 100vw, 1024px\" \/><\/a><\/figure><div class=\"wp-block-media-text__content\">\n<p><\/p>\n\n\n\n<p><strong>Posdata <\/strong>\u00e8 un System Integrator che dal 1993 progetta e realizza soluzioni su misura per rispondere alle esigenze delle aziende e delle pubbliche amministrazioni.&nbsp;L\u2019azienda \u00e8 certificata secondo ISO 27018:2019, ISO 20000-1:2018, UNI\/PdR 125:2022. <em><a href=\"file:\/\/\/FileCloudDrive\/FileCloudDrive\/Team%20Folders\/Netalia-MarketingStaging\/Articoli%20e%20ufficio%20stampa\/Comunicati%20Stampa\/posdata.it\"><\/a><\/em><\/p>\n\n\n\n<p>In Mermaid-AI collabora allo sviluppo software della soluzione verticalizzata sui casi d\u2019uso individuati.<\/p>\n<\/div><\/div>\n\n\n\n<hr class=\"wp-block-separator has-text-color has-tertiary-color has-alpha-channel-opacity has-tertiary-background-color has-background is-style-wide\"\/>\n\n\n\n<div class=\"wp-block-media-text is-stacked-on-mobile\" style=\"grid-template-columns:15% auto\"><figure class=\"wp-block-media-text__media\"><a href=\"https:\/\/teseo.tech\/\" target=\"_blank\" rel=\"noreferrer noopener\"><img loading=\"lazy\" decoding=\"async\" width=\"925\" height=\"193\" src=\"https:\/\/mermaid-ai.it\/wp-content\/uploads\/2024\/05\/teseo-logo-orizzontale-web.png\" alt=\"\" class=\"wp-image-130 size-full\" srcset=\"https:\/\/mermaid-ai.it\/wp-content\/uploads\/2024\/05\/teseo-logo-orizzontale-web.png 925w, https:\/\/mermaid-ai.it\/wp-content\/uploads\/2024\/05\/teseo-logo-orizzontale-web-300x63.png 300w\" sizes=\"(max-width: 925px) 100vw, 925px\" \/><\/a><\/figure><div class=\"wp-block-media-text__content\">\n<p><\/p>\n\n\n\n<p><strong>Teseo <\/strong>\u00e8 una PMI innovativa fondata nel 2015 come spin-off dell\u2019Universit\u00e0 degli Studi di Genova, la cui mission \u00e8 lo sviluppo di soluzioni digitali a supporto dei caregiver. L\u2019azienda \u00e8 specializzata in Intelligenza Artificiale, Machine Learning e tecnologie IoT, finalizzate all\u2019analisi comportamentale e all&#8217;Ambient Assisted Living.<\/p>\n\n\n\n<p>Nel progetto sviluppa gli algoritmi di intelligenza artificiale a supporto dell\u2019e-triage e della valutazione di severit\u00e0 del caso, coordina il laboratorio partecipativo con gli stakeholder locali.<\/p>\n<\/div><\/div>\n\n\n\n<div class=\"wp-block-group is-vertical is-layout-flex wp-container-core-group-is-layout-1 wp-block-group-is-layout-flex\"><\/div>\n","protected":false},"excerpt":{"rendered":"<p>Protagonisti della trasformazione digitale Mermaid-AI \u00e8 il frutto della collaborazione tra cinque aziende italiane, ognuna specializzata su competenze settoriali e funzionali necessarie allo sviluppo della soluzione. I comparti marittimo, sanitario e digitale nelle sue varie declinazioni, dal cloud alla system integration allo sviluppo applicativo in ambito AI, sono rappresentati dalle capacit\u00e0 di Innonation, Netalia (capofila &hellip; <\/p>\n<p class=\"link-more\"><a href=\"https:\/\/mermaid-ai.it\/?page_id=10\" class=\"more-link\">Leggi tutto<span class=\"screen-reader-text\"> &#8220;I Partner&#8221;<\/span><\/a><\/p>\n","protected":false},"author":1,"featured_media":199,"parent":0,"menu_order":0,"comment_status":"closed","ping_status":"closed","template":"","meta":{"_monsterinsights_skip_tracking":false,"_monsterinsights_sitenote_active":false,"_monsterinsights_sitenote_note":"","_monsterinsights_sitenote_category":0,"_uf_show_specific_survey":0,"_uf_disable_surveys":false,"footnotes":""},"aioseo_notices":[],"_links":{"self":[{"href":"https:\/\/mermaid-ai.it\/index.php?rest_route=\/wp\/v2\/pages\/10"}],"collection":[{"href":"https:\/\/mermaid-ai.it\/index.php?rest_route=\/wp\/v2\/pages"}],"about":[{"href":"https:\/\/mermaid-ai.it\/index.php?rest_route=\/wp\/v2\/types\/page"}],"author":[{"embeddable":true,"href":"https:\/\/mermaid-ai.it\/index.php?rest_route=\/wp\/v2\/users\/1"}],"replies":[{"embeddable":true,"href":"https:\/\/mermaid-ai.it\/index.php?rest_route=%2Fwp%2Fv2%2Fcomments&post=10"}],"version-history":[{"count":33,"href":"https:\/\/mermaid-ai.it\/index.php?rest_route=\/wp\/v2\/pages\/10\/revisions"}],"predecessor-version":[{"id":426,"href":"https:\/\/mermaid-ai.it\/index.php?rest_route=\/wp\/v2\/pages\/10\/revisions\/426"}],"wp:featuredmedia":[{"embeddable":true,"href":"https:\/\/mermaid-ai.it\/index.php?rest_route=\/wp\/v2\/media\/199"}],"wp:attachment":[{"href":"https:\/\/mermaid-ai.it\/index.php?rest_route=%2Fwp%2Fv2%2Fmedia&parent=10"}],"curies":[{"name":"wp","href":"https:\/\/api.w.org\/{rel}","templated":true}]}}